{"id":686,"date":"2025-11-27T11:59:48","date_gmt":"2025-11-27T10:59:48","guid":{"rendered":"https:\/\/bestvet.sk\/potvrdenie-odberu\/"},"modified":"2025-11-27T12:29:56","modified_gmt":"2025-11-27T11:29:56","slug":"potvrzeni-odberu","status":"publish","type":"page","link":"https:\/\/bestvet.sk\/cs\/potvrzeni-odberu\/","title":{"rendered":"Odb\u011br newsletteru byl \u00fasp\u011b\u0161n\u011b potvrzen."},"content":{"rendered":"\n<p>D\u011bkujeme, \u017ee jste se p\u0159ihl\u00e1sili k odb\u011bru novinek BestVet.<br>Najdete v nich u\u017eite\u010dn\u00e9 informace, \u010dl\u00e1nky a aktualizace ze sv\u011bta veterin\u00e1rn\u00ed p\u00e9\u010de.<\/p>\n","protected":false},"excerpt":{"rendered":"<p>D\u011bkujeme, \u017ee jste se p\u0159ihl\u00e1sili k odb\u011bru novinek BestVet.Najdete v nich u\u017eite\u010dn\u00e9 informace, \u010dl\u00e1nky a aktualizace ze sv\u011bta veterin\u00e1rn\u00ed p\u00e9\u010de.<\/p>\n","protected":false},"author":1000,"featured_media":0,"parent":0,"menu_order":0,"comment_status":"closed","ping_status":"closed","template":"template-nl-thank-you.php","meta":{"_acf_changed":false,"inline_featured_image":false,"footnotes":""},"class_list":["post-686","page","type-page","status-publish","hentry"],"acf":[],"yoast_head":"<!-- This site is optimized with the Yoast SEO plugin v27.5 - https:\/\/yoast.com\/product\/yoast-seo-wordpress\/ -->\n<title>Odb\u011br newsletteru byl \u00fasp\u011b\u0161n\u011b potvrzen. - Bestvet<\/title>\n<meta name=\"robots\" content=\"index, follow, max-snippet:-1, max-image-preview:large, max-video-preview:-1\" \/>\n<link rel=\"canonical\" href=\"https:\/\/bestvet.sk\/cs\/potvrzeni-odberu\/\" \/>\n<meta property=\"og:locale\" content=\"cs_CZ\" \/>\n<meta property=\"og:type\" content=\"article\" \/>\n<meta property=\"og:title\" content=\"Odb\u011br newsletteru byl \u00fasp\u011b\u0161n\u011b potvrzen. - Bestvet\" \/>\n<meta property=\"og:description\" content=\"D\u011bkujeme, \u017ee jste se p\u0159ihl\u00e1sili k odb\u011bru novinek BestVet.Najdete v nich u\u017eite\u010dn\u00e9 informace, \u010dl\u00e1nky a aktualizace ze sv\u011bta veterin\u00e1rn\u00ed p\u00e9\u010de.\" \/>\n<meta property=\"og:url\" content=\"https:\/\/bestvet.sk\/cs\/potvrzeni-odberu\/\" \/>\n<meta property=\"og:site_name\" content=\"Bestvet\" \/>\n<meta property=\"article:modified_time\" content=\"2025-11-27T11:29:56+00:00\" \/>\n<meta name=\"twitter:card\" content=\"summary_large_image\" \/>\n<meta name=\"twitter:label1\" content=\"Est. reading time\" \/>\n\t<meta name=\"twitter:data1\" content=\"1 minute\" \/>\n<script type=\"application\/ld+json\" class=\"yoast-schema-graph\">{\"@context\":\"https:\\\/\\\/schema.org\",\"@graph\":[{\"@type\":\"WebPage\",\"@id\":\"https:\\\/\\\/bestvet.sk\\\/cs\\\/potvrzeni-odberu\\\/\",\"url\":\"https:\\\/\\\/bestvet.sk\\\/cs\\\/potvrzeni-odberu\\\/\",\"name\":\"Odb\u011br newsletteru byl \u00fasp\u011b\u0161n\u011b potvrzen. - Bestvet\",\"isPartOf\":{\"@id\":\"https:\\\/\\\/bestvet.sk\\\/cs\\\/#website\"},\"datePublished\":\"2025-11-27T10:59:48+00:00\",\"dateModified\":\"2025-11-27T11:29:56+00:00\",\"breadcrumb\":{\"@id\":\"https:\\\/\\\/bestvet.sk\\\/cs\\\/potvrzeni-odberu\\\/#breadcrumb\"},\"inLanguage\":\"cs-CZ\",\"potentialAction\":[{\"@type\":\"ReadAction\",\"target\":[\"https:\\\/\\\/bestvet.sk\\\/cs\\\/potvrzeni-odberu\\\/\"]}]},{\"@type\":\"BreadcrumbList\",\"@id\":\"https:\\\/\\\/bestvet.sk\\\/cs\\\/potvrzeni-odberu\\\/#breadcrumb\",\"itemListElement\":[{\"@type\":\"ListItem\",\"position\":1,\"name\":\"Home\",\"item\":\"https:\\\/\\\/bestvet.sk\\\/cs\\\/\"},{\"@type\":\"ListItem\",\"position\":2,\"name\":\"Odb\u011br newsletteru byl \u00fasp\u011b\u0161n\u011b potvrzen.\"}]},{\"@type\":\"WebSite\",\"@id\":\"https:\\\/\\\/bestvet.sk\\\/cs\\\/#website\",\"url\":\"https:\\\/\\\/bestvet.sk\\\/cs\\\/\",\"name\":\"BestVet- cesta k najlep\u0161iemu veterin\u00e1rovi online!\",\"description\":\"\",\"potentialAction\":[{\"@type\":\"SearchAction\",\"target\":{\"@type\":\"EntryPoint\",\"urlTemplate\":\"https:\\\/\\\/bestvet.sk\\\/cs\\\/?s={search_term_string}\"},\"query-input\":{\"@type\":\"PropertyValueSpecification\",\"valueRequired\":true,\"valueName\":\"search_term_string\"}}],\"inLanguage\":\"cs-CZ\"}]}<\/script>\n<!-- \/ Yoast SEO plugin. -->","yoast_head_json":{"title":"Odb\u011br newsletteru byl \u00fasp\u011b\u0161n\u011b potvrzen. - Bestvet","robots":{"index":"index","follow":"follow","max-snippet":"max-snippet:-1","max-image-preview":"max-image-preview:large","max-video-preview":"max-video-preview:-1"},"canonical":"https:\/\/bestvet.sk\/cs\/potvrzeni-odberu\/","og_locale":"cs_CZ","og_type":"article","og_title":"Odb\u011br newsletteru byl \u00fasp\u011b\u0161n\u011b potvrzen. - Bestvet","og_description":"D\u011bkujeme, \u017ee jste se p\u0159ihl\u00e1sili k odb\u011bru novinek BestVet.Najdete v nich u\u017eite\u010dn\u00e9 informace, \u010dl\u00e1nky a aktualizace ze sv\u011bta veterin\u00e1rn\u00ed p\u00e9\u010de.","og_url":"https:\/\/bestvet.sk\/cs\/potvrzeni-odberu\/","og_site_name":"Bestvet","article_modified_time":"2025-11-27T11:29:56+00:00","twitter_card":"summary_large_image","twitter_misc":{"Est. reading time":"1 minute"},"schema":{"@context":"https:\/\/schema.org","@graph":[{"@type":"WebPage","@id":"https:\/\/bestvet.sk\/cs\/potvrzeni-odberu\/","url":"https:\/\/bestvet.sk\/cs\/potvrzeni-odberu\/","name":"Odb\u011br newsletteru byl \u00fasp\u011b\u0161n\u011b potvrzen. - Bestvet","isPartOf":{"@id":"https:\/\/bestvet.sk\/cs\/#website"},"datePublished":"2025-11-27T10:59:48+00:00","dateModified":"2025-11-27T11:29:56+00:00","breadcrumb":{"@id":"https:\/\/bestvet.sk\/cs\/potvrzeni-odberu\/#breadcrumb"},"inLanguage":"cs-CZ","potentialAction":[{"@type":"ReadAction","target":["https:\/\/bestvet.sk\/cs\/potvrzeni-odberu\/"]}]},{"@type":"BreadcrumbList","@id":"https:\/\/bestvet.sk\/cs\/potvrzeni-odberu\/#breadcrumb","itemListElement":[{"@type":"ListItem","position":1,"name":"Home","item":"https:\/\/bestvet.sk\/cs\/"},{"@type":"ListItem","position":2,"name":"Odb\u011br newsletteru byl \u00fasp\u011b\u0161n\u011b potvrzen."}]},{"@type":"WebSite","@id":"https:\/\/bestvet.sk\/cs\/#website","url":"https:\/\/bestvet.sk\/cs\/","name":"BestVet- cesta k najlep\u0161iemu veterin\u00e1rovi online!","description":"","potentialAction":[{"@type":"SearchAction","target":{"@type":"EntryPoint","urlTemplate":"https:\/\/bestvet.sk\/cs\/?s={search_term_string}"},"query-input":{"@type":"PropertyValueSpecification","valueRequired":true,"valueName":"search_term_string"}}],"inLanguage":"cs-CZ"}]}},"_links":{"self":[{"href":"https:\/\/bestvet.sk\/cs\/wp-json\/wp\/v2\/pages\/686","targetHints":{"allow":["GET"]}}],"collection":[{"href":"https:\/\/bestvet.sk\/cs\/wp-json\/wp\/v2\/pages"}],"about":[{"href":"https:\/\/bestvet.sk\/cs\/wp-json\/wp\/v2\/types\/page"}],"author":[{"embeddable":true,"href":"https:\/\/bestvet.sk\/cs\/wp-json\/wp\/v2\/users\/1000"}],"replies":[{"embeddable":true,"href":"https:\/\/bestvet.sk\/cs\/wp-json\/wp\/v2\/comments?post=686"}],"version-history":[{"count":2,"href":"https:\/\/bestvet.sk\/cs\/wp-json\/wp\/v2\/pages\/686\/revisions"}],"predecessor-version":[{"id":688,"href":"https:\/\/bestvet.sk\/cs\/wp-json\/wp\/v2\/pages\/686\/revisions\/688"}],"wp:attachment":[{"href":"https:\/\/bestvet.sk\/cs\/wp-json\/wp\/v2\/media?parent=686"}],"curies":[{"name":"wp","href":"https:\/\/api.w.org\/{rel}","templated":true}]}}