{"id":682,"date":"2025-11-27T09:32:16","date_gmt":"2025-11-27T08:32:16","guid":{"rendered":"https:\/\/bestvet.sk\/dakujeme\/"},"modified":"2025-11-27T12:27:47","modified_gmt":"2025-11-27T11:27:47","slug":"dekujeme-za-prihlaseni","status":"publish","type":"page","link":"https:\/\/bestvet.sk\/cs\/dekujeme-za-prihlaseni\/","title":{"rendered":"D\u011bkujeme za p\u0159ihl\u00e1\u0161en\u00ed"},"content":{"rendered":"\n<p>Na v\u00e1\u0161 e-mail jsme poslali zpr\u00e1vu s potvrzen\u00edm odb\u011bru newsletteru.<br>Pro dokon\u010den\u00ed p\u0159ihl\u00e1\u0161en\u00ed klikn\u011bte na odkaz ve zpr\u00e1v\u011b.<\/p>\n","protected":false},"excerpt":{"rendered":"<p>Na v\u00e1\u0161 e-mail jsme poslali zpr\u00e1vu s potvrzen\u00edm odb\u011bru newsletteru.Pro dokon\u010den\u00ed p\u0159ihl\u00e1\u0161en\u00ed klikn\u011bte na odkaz ve zpr\u00e1v\u011b.<\/p>\n","protected":false},"author":1000,"featured_media":0,"parent":0,"menu_order":0,"comment_status":"closed","ping_status":"closed","template":"template-nl-thank-you.php","meta":{"_acf_changed":false,"inline_featured_image":false,"footnotes":""},"class_list":["post-682","page","type-page","status-publish","hentry"],"acf":[],"yoast_head":"<!-- This site is optimized with the Yoast SEO plugin v27.5 - https:\/\/yoast.com\/product\/yoast-seo-wordpress\/ -->\n<title>D\u011bkujeme za p\u0159ihl\u00e1\u0161en\u00ed - Bestvet<\/title>\n<meta name=\"robots\" content=\"index, follow, max-snippet:-1, max-image-preview:large, max-video-preview:-1\" \/>\n<link rel=\"canonical\" href=\"https:\/\/bestvet.sk\/cs\/dekujeme-za-prihlaseni\/\" \/>\n<meta property=\"og:locale\" content=\"cs_CZ\" \/>\n<meta property=\"og:type\" content=\"article\" \/>\n<meta property=\"og:title\" content=\"D\u011bkujeme za p\u0159ihl\u00e1\u0161en\u00ed - Bestvet\" \/>\n<meta property=\"og:description\" content=\"Na v\u00e1\u0161 e-mail jsme poslali zpr\u00e1vu s potvrzen\u00edm odb\u011bru newsletteru.Pro dokon\u010den\u00ed p\u0159ihl\u00e1\u0161en\u00ed klikn\u011bte na odkaz ve zpr\u00e1v\u011b.\" \/>\n<meta property=\"og:url\" content=\"https:\/\/bestvet.sk\/cs\/dekujeme-za-prihlaseni\/\" \/>\n<meta property=\"og:site_name\" content=\"Bestvet\" \/>\n<meta property=\"article:modified_time\" content=\"2025-11-27T11:27:47+00:00\" \/>\n<meta name=\"twitter:card\" content=\"summary_large_image\" \/>\n<meta name=\"twitter:label1\" content=\"Est. reading time\" \/>\n\t<meta name=\"twitter:data1\" content=\"1 minute\" \/>\n<script type=\"application\/ld+json\" class=\"yoast-schema-graph\">{\"@context\":\"https:\\\/\\\/schema.org\",\"@graph\":[{\"@type\":\"WebPage\",\"@id\":\"https:\\\/\\\/bestvet.sk\\\/cs\\\/dekujeme-za-prihlaseni\\\/\",\"url\":\"https:\\\/\\\/bestvet.sk\\\/cs\\\/dekujeme-za-prihlaseni\\\/\",\"name\":\"D\u011bkujeme za p\u0159ihl\u00e1\u0161en\u00ed - Bestvet\",\"isPartOf\":{\"@id\":\"https:\\\/\\\/bestvet.sk\\\/cs\\\/#website\"},\"datePublished\":\"2025-11-27T08:32:16+00:00\",\"dateModified\":\"2025-11-27T11:27:47+00:00\",\"breadcrumb\":{\"@id\":\"https:\\\/\\\/bestvet.sk\\\/cs\\\/dekujeme-za-prihlaseni\\\/#breadcrumb\"},\"inLanguage\":\"cs-CZ\",\"potentialAction\":[{\"@type\":\"ReadAction\",\"target\":[\"https:\\\/\\\/bestvet.sk\\\/cs\\\/dekujeme-za-prihlaseni\\\/\"]}]},{\"@type\":\"BreadcrumbList\",\"@id\":\"https:\\\/\\\/bestvet.sk\\\/cs\\\/dekujeme-za-prihlaseni\\\/#breadcrumb\",\"itemListElement\":[{\"@type\":\"ListItem\",\"position\":1,\"name\":\"Home\",\"item\":\"https:\\\/\\\/bestvet.sk\\\/cs\\\/\"},{\"@type\":\"ListItem\",\"position\":2,\"name\":\"D\u011bkujeme za p\u0159ihl\u00e1\u0161en\u00ed\"}]},{\"@type\":\"WebSite\",\"@id\":\"https:\\\/\\\/bestvet.sk\\\/cs\\\/#website\",\"url\":\"https:\\\/\\\/bestvet.sk\\\/cs\\\/\",\"name\":\"BestVet- cesta k najlep\u0161iemu veterin\u00e1rovi online!\",\"description\":\"\",\"potentialAction\":[{\"@type\":\"SearchAction\",\"target\":{\"@type\":\"EntryPoint\",\"urlTemplate\":\"https:\\\/\\\/bestvet.sk\\\/cs\\\/?s={search_term_string}\"},\"query-input\":{\"@type\":\"PropertyValueSpecification\",\"valueRequired\":true,\"valueName\":\"search_term_string\"}}],\"inLanguage\":\"cs-CZ\"}]}<\/script>\n<!-- \/ Yoast SEO plugin. -->","yoast_head_json":{"title":"D\u011bkujeme za p\u0159ihl\u00e1\u0161en\u00ed - Bestvet","robots":{"index":"index","follow":"follow","max-snippet":"max-snippet:-1","max-image-preview":"max-image-preview:large","max-video-preview":"max-video-preview:-1"},"canonical":"https:\/\/bestvet.sk\/cs\/dekujeme-za-prihlaseni\/","og_locale":"cs_CZ","og_type":"article","og_title":"D\u011bkujeme za p\u0159ihl\u00e1\u0161en\u00ed - Bestvet","og_description":"Na v\u00e1\u0161 e-mail jsme poslali zpr\u00e1vu s potvrzen\u00edm odb\u011bru newsletteru.Pro dokon\u010den\u00ed p\u0159ihl\u00e1\u0161en\u00ed klikn\u011bte na odkaz ve zpr\u00e1v\u011b.","og_url":"https:\/\/bestvet.sk\/cs\/dekujeme-za-prihlaseni\/","og_site_name":"Bestvet","article_modified_time":"2025-11-27T11:27:47+00:00","twitter_card":"summary_large_image","twitter_misc":{"Est. reading time":"1 minute"},"schema":{"@context":"https:\/\/schema.org","@graph":[{"@type":"WebPage","@id":"https:\/\/bestvet.sk\/cs\/dekujeme-za-prihlaseni\/","url":"https:\/\/bestvet.sk\/cs\/dekujeme-za-prihlaseni\/","name":"D\u011bkujeme za p\u0159ihl\u00e1\u0161en\u00ed - Bestvet","isPartOf":{"@id":"https:\/\/bestvet.sk\/cs\/#website"},"datePublished":"2025-11-27T08:32:16+00:00","dateModified":"2025-11-27T11:27:47+00:00","breadcrumb":{"@id":"https:\/\/bestvet.sk\/cs\/dekujeme-za-prihlaseni\/#breadcrumb"},"inLanguage":"cs-CZ","potentialAction":[{"@type":"ReadAction","target":["https:\/\/bestvet.sk\/cs\/dekujeme-za-prihlaseni\/"]}]},{"@type":"BreadcrumbList","@id":"https:\/\/bestvet.sk\/cs\/dekujeme-za-prihlaseni\/#breadcrumb","itemListElement":[{"@type":"ListItem","position":1,"name":"Home","item":"https:\/\/bestvet.sk\/cs\/"},{"@type":"ListItem","position":2,"name":"D\u011bkujeme za p\u0159ihl\u00e1\u0161en\u00ed"}]},{"@type":"WebSite","@id":"https:\/\/bestvet.sk\/cs\/#website","url":"https:\/\/bestvet.sk\/cs\/","name":"BestVet- cesta k najlep\u0161iemu veterin\u00e1rovi online!","description":"","potentialAction":[{"@type":"SearchAction","target":{"@type":"EntryPoint","urlTemplate":"https:\/\/bestvet.sk\/cs\/?s={search_term_string}"},"query-input":{"@type":"PropertyValueSpecification","valueRequired":true,"valueName":"search_term_string"}}],"inLanguage":"cs-CZ"}]}},"_links":{"self":[{"href":"https:\/\/bestvet.sk\/cs\/wp-json\/wp\/v2\/pages\/682","targetHints":{"allow":["GET"]}}],"collection":[{"href":"https:\/\/bestvet.sk\/cs\/wp-json\/wp\/v2\/pages"}],"about":[{"href":"https:\/\/bestvet.sk\/cs\/wp-json\/wp\/v2\/types\/page"}],"author":[{"embeddable":true,"href":"https:\/\/bestvet.sk\/cs\/wp-json\/wp\/v2\/users\/1000"}],"replies":[{"embeddable":true,"href":"https:\/\/bestvet.sk\/cs\/wp-json\/wp\/v2\/comments?post=682"}],"version-history":[{"count":2,"href":"https:\/\/bestvet.sk\/cs\/wp-json\/wp\/v2\/pages\/682\/revisions"}],"predecessor-version":[{"id":684,"href":"https:\/\/bestvet.sk\/cs\/wp-json\/wp\/v2\/pages\/682\/revisions\/684"}],"wp:attachment":[{"href":"https:\/\/bestvet.sk\/cs\/wp-json\/wp\/v2\/media?parent=682"}],"curies":[{"name":"wp","href":"https:\/\/api.w.org\/{rel}","templated":true}]}}